{"id":1060,"date":"2018-07-10T07:29:38","date_gmt":"2018-07-10T07:29:38","guid":{"rendered":"http:\/\/demo.ovathemes.com\/ireca\/?page_id=1060"},"modified":"2023-04-16T10:22:03","modified_gmt":"2023-04-16T08:22:03","slug":"thank-page","status":"publish","type":"page","link":"https:\/\/dmgroup.sk\/index.php\/thank-page\/","title":{"rendered":"Formul\u00e1r bol prijat\u00fd."},"content":{"rendered":"<p style=\"text-align: center;\">Formul\u00e1r bol prijat\u00fd. \u010co najsk\u00f4r v\u00e1m za\u0161leme ponuku financovania na vami zadan\u00fd email.<\/p>\n<p style=\"text-align: center;\">\u010eakujeme.<\/p>\n","protected":false},"excerpt":{"rendered":"<p>Formul\u00e1r bol prijat\u00fd. \u010co najsk\u00f4r v\u00e1m za\u0161leme ponuku financovania na vami zadan\u00fd email. \u010eakujeme.<\/p>\n","protected":false},"author":1,"featured_media":0,"parent":0,"menu_order":0,"comment_status":"closed","ping_status":"closed","template":"elementor_header_footer","meta":{"_monsterinsights_skip_tracking":false,"_monsterinsights_sitenote_active":false,"_monsterinsights_sitenote_note":"","_monsterinsights_sitenote_category":0},"_links":{"self":[{"href":"https:\/\/dmgroup.sk\/index.php\/wp-json\/wp\/v2\/pages\/1060"}],"collection":[{"href":"https:\/\/dmgroup.sk\/index.php\/wp-json\/wp\/v2\/pages"}],"about":[{"href":"https:\/\/dmgroup.sk\/index.php\/wp-json\/wp\/v2\/types\/page"}],"author":[{"embeddable":true,"href":"https:\/\/dmgroup.sk\/index.php\/wp-json\/wp\/v2\/users\/1"}],"replies":[{"embeddable":true,"href":"https:\/\/dmgroup.sk\/index.php\/wp-json\/wp\/v2\/comments?post=1060"}],"version-history":[{"count":9,"href":"https:\/\/dmgroup.sk\/index.php\/wp-json\/wp\/v2\/pages\/1060\/revisions"}],"predecessor-version":[{"id":4069,"href":"https:\/\/dmgroup.sk\/index.php\/wp-json\/wp\/v2\/pages\/1060\/revisions\/4069"}],"wp:attachment":[{"href":"https:\/\/dmgroup.sk\/index.php\/wp-json\/wp\/v2\/media?parent=1060"}],"curies":[{"name":"wp","href":"https:\/\/api.w.org\/{rel}","templated":true}]}}