{"id":4382,"date":"2026-04-02T14:15:46","date_gmt":"2026-04-02T12:15:46","guid":{"rendered":"https:\/\/dmgroup.sk\/?page_id=4382"},"modified":"2026-04-02T16:10:11","modified_gmt":"2026-04-02T14:10:11","slug":"cennik-prenajom-aut","status":"publish","type":"page","link":"https:\/\/dmgroup.sk\/index.php\/cennik-prenajom-aut\/","title":{"rendered":"Cenn\u00edk pren\u00e1jom \u00e1ut"},"content":{"rendered":"\n<h2>Cenn\u00edk pren\u00e1jom vozidiel DM-GROUP<\/h2>\n\n\n\n<figure class=\"wp-block-table\"><table><tbody><tr><td>Model<\/td><td>Cena nad\u00a0 30 dn\u00ed \u20ac\/de\u0148<\/td><td>Palivo<\/td><td>Zaloha<\/td><\/tr><tr><td>\u0160koda Fabia MPI<\/td><td>13<\/td><td>Benz\u00edn<\/td><td>200<\/td><\/tr><tr><td>\u0160koda Fabia 1.0 tsi combi<\/td><td>14<\/td><td>Benz\u00edn<\/td><td>200<\/td><\/tr><tr><td>\u0160koda Scala 1.0 tsi&nbsp;<\/td><td>15<\/td><td>Benz\u00edn<\/td><td>200<\/td><\/tr><tr><td>Hyundai i30 1.5i<\/td><td>15<\/td><td>Benz\u00edn<\/td><td>200<\/td><\/tr><tr><td>\u0160koda Octavia III 1.6 TDI&nbsp;<\/td><td>16<\/td><td>Benz\u00edn<\/td><td>200<\/td><\/tr><tr><td>\u0160koda Octavia III FL 1.6 TDI&nbsp;<\/td><td>18<\/td><td>Diesel<\/td><td>300<\/td><\/tr><tr><td>\u0160koda Octavia IV&nbsp; 2.0 TDI&nbsp;<\/td><td>20<\/td><td>Diesel<\/td><td>200<\/td><\/tr><tr><td>\u0160koda Superb automat IV&nbsp; 2.0 TDI&nbsp;<\/td><td>24<\/td><td>Diesel<\/td><td>200<\/td><\/tr><tr><td>Fiat TALENTO 9 MIESTNE<\/td><td>33<\/td><td>Diesel<\/td><td>200<\/td><\/tr><tr><td>Peugeot Traveller<\/td><td>33<\/td><td>Diesel<\/td><td>200<\/td><\/tr><tr><td>&nbsp;<\/td><td>&nbsp;<\/td><td>&nbsp;<\/td><td>&nbsp;<\/td><\/tr><\/tbody><\/table><figcaption>Cena sa m\u00f4\u017ee l\u00ed\u0161i\u0165 v z\u00e1vislosti od dohodnut\u00e9ho po\u010du najazdenia km za mesiac. Presn\u00e9 ceny na mieru pod\u013ea n\u00e1jazdu telefonicky.<\/figcaption><\/figure>\n","protected":false},"excerpt":{"rendered":"<p>Cenn\u00edk pren\u00e1jom vozidiel DM-GROUP Model Cena nad\u00a0 30 dn\u00ed \u20ac\/de\u0148 Palivo Zaloha \u0160koda Fabia MPI 13 Benz\u00edn 200 \u0160koda Fabia 1.0 tsi combi 14 Benz\u00edn 200 \u0160koda Scala 1.0 tsi&nbsp; 15 Benz\u00edn 200 Hyundai i30 1.5i 15 Benz\u00edn 200 \u0160koda Octavia III 1.6 TDI&nbsp; 16 Benz\u00edn 200 \u0160koda Octavia III FL 1.6 TDI&nbsp; 18 Diesel [&hellip;]<\/p>\n","protected":false},"author":1,"featured_media":0,"parent":0,"menu_order":0,"comment_status":"closed","ping_status":"closed","template":"elementor_header_footer","meta":{"_monsterinsights_skip_tracking":false,"_monsterinsights_sitenote_active":false,"_monsterinsights_sitenote_note":"","_monsterinsights_sitenote_category":0},"_links":{"self":[{"href":"https:\/\/dmgroup.sk\/index.php\/wp-json\/wp\/v2\/pages\/4382"}],"collection":[{"href":"https:\/\/dmgroup.sk\/index.php\/wp-json\/wp\/v2\/pages"}],"about":[{"href":"https:\/\/dmgroup.sk\/index.php\/wp-json\/wp\/v2\/types\/page"}],"author":[{"embeddable":true,"href":"https:\/\/dmgroup.sk\/index.php\/wp-json\/wp\/v2\/users\/1"}],"replies":[{"embeddable":true,"href":"https:\/\/dmgroup.sk\/index.php\/wp-json\/wp\/v2\/comments?post=4382"}],"version-history":[{"count":7,"href":"https:\/\/dmgroup.sk\/index.php\/wp-json\/wp\/v2\/pages\/4382\/revisions"}],"predecessor-version":[{"id":4398,"href":"https:\/\/dmgroup.sk\/index.php\/wp-json\/wp\/v2\/pages\/4382\/revisions\/4398"}],"wp:attachment":[{"href":"https:\/\/dmgroup.sk\/index.php\/wp-json\/wp\/v2\/media?parent=4382"}],"curies":[{"name":"wp","href":"https:\/\/api.w.org\/{rel}","templated":true}]}}