{"id":2952,"date":"2019-10-13T20:39:00","date_gmt":"2019-10-13T18:39:00","guid":{"rendered":"https:\/\/dmgroup.sk\/?post_type=product&#038;p=2952"},"modified":"2026-03-06T10:51:08","modified_gmt":"2026-03-06T09:51:08","slug":"talento","status":"publish","type":"product","link":"https:\/\/dmgroup.sk\/index.php\/product\/talento\/","title":{"rendered":"Fiat Talento XXL 107kw"},"content":{"rendered":"<p>Fiat Talento XXL 107kw s 9 miestami na sedenie a priestrann\u00fdm kufrom v\u010faka verzii XXL s dvojzonovou klimatiz\u00e1ciou aj pre pasa\u017eierov vzadu.<\/p>\n<p>N\u00e1jazd km: 300km\/de\u0148 do 5 dn\u00ed &#8211; &gt; 200km\/de\u0148 do 30 dn\u00ed &#8211; &gt; nie v\u0161ak viac ako 5000km do mesiaca.<\/p>\n","protected":false},"excerpt":{"rendered":"<p>Fiat Talento XXL 107kw s 9 miestami na sedenie a priestrann\u00fdm kufrom v\u010faka verzii XXL s trojzonovou klimatiz\u00e1ciou aj pre pasa\u017eierov vzadu.<\/p>\n<p>N\u00e1jazd km: 300km\/de\u0148 do 5 dn\u00ed &#8211; &gt; 200km\/de\u0148 do 30 dn\u00ed &#8211; &gt; nie v\u0161ak viac ako 5000km do mesiaca.<\/p>\n","protected":false},"featured_media":4155,"template":"","meta":{"_monsterinsights_skip_tracking":false,"_monsterinsights_sitenote_active":false,"_monsterinsights_sitenote_note":"","_monsterinsights_sitenote_category":0},"_links":{"self":[{"href":"https:\/\/dmgroup.sk\/index.php\/wp-json\/wp\/v2\/product\/2952"}],"collection":[{"href":"https:\/\/dmgroup.sk\/index.php\/wp-json\/wp\/v2\/product"}],"about":[{"href":"https:\/\/dmgroup.sk\/index.php\/wp-json\/wp\/v2\/types\/product"}],"version-history":[{"count":6,"href":"https:\/\/dmgroup.sk\/index.php\/wp-json\/wp\/v2\/product\/2952\/revisions"}],"predecessor-version":[{"id":2971,"href":"https:\/\/dmgroup.sk\/index.php\/wp-json\/wp\/v2\/product\/2952\/revisions\/2971"}],"wp:featuredmedia":[{"embeddable":true,"href":"https:\/\/dmgroup.sk\/index.php\/wp-json\/wp\/v2\/media\/4155"}],"wp:attachment":[{"href":"https:\/\/dmgroup.sk\/index.php\/wp-json\/wp\/v2\/media?parent=2952"}],"curies":[{"name":"wp","href":"https:\/\/api.w.org\/{rel}","templated":true}]}}