{"id":3019,"date":"2019-11-23T12:14:26","date_gmt":"2019-11-23T11:14:26","guid":{"rendered":"https:\/\/dmgroup.sk\/?post_type=product&#038;p=3019"},"modified":"2019-11-23T12:38:05","modified_gmt":"2019-11-23T11:38:05","slug":"stresny-box-320-l","status":"publish","type":"product","link":"https:\/\/dmgroup.sk\/index.php\/product\/stresny-box-320-l\/","title":{"rendered":"Stre\u0161n\u00fd box 320 l"},"content":{"rendered":"<p>Stre\u0161n\u00fd box 320 litrov<\/p>\n","protected":false},"excerpt":{"rendered":"<p>\u0160koda Octavia III Style 1.6 Tdi combi<\/p>\n","protected":false},"featured_media":3020,"template":"","meta":{"_monsterinsights_skip_tracking":false,"_monsterinsights_sitenote_active":false,"_monsterinsights_sitenote_note":"","_monsterinsights_sitenote_category":0},"_links":{"self":[{"href":"https:\/\/dmgroup.sk\/index.php\/wp-json\/wp\/v2\/product\/3019"}],"collection":[{"href":"https:\/\/dmgroup.sk\/index.php\/wp-json\/wp\/v2\/product"}],"about":[{"href":"https:\/\/dmgroup.sk\/index.php\/wp-json\/wp\/v2\/types\/product"}],"version-history":[{"count":1,"href":"https:\/\/dmgroup.sk\/index.php\/wp-json\/wp\/v2\/product\/3019\/revisions"}],"predecessor-version":[{"id":3022,"href":"https:\/\/dmgroup.sk\/index.php\/wp-json\/wp\/v2\/product\/3019\/revisions\/3022"}],"wp:featuredmedia":[{"embeddable":true,"href":"https:\/\/dmgroup.sk\/index.php\/wp-json\/wp\/v2\/media\/3020"}],"wp:attachment":[{"href":"https:\/\/dmgroup.sk\/index.php\/wp-json\/wp\/v2\/media?parent=3019"}],"curies":[{"name":"wp","href":"https:\/\/api.w.org\/{rel}","templated":true}]}}