{"id":3029,"date":"2019-11-23T13:11:41","date_gmt":"2019-11-23T12:11:41","guid":{"rendered":"https:\/\/dmgroup.sk\/?post_type=product&#038;p=3029"},"modified":"2023-03-13T15:59:50","modified_gmt":"2023-03-13T14:59:50","slug":"tester-hrubky-laku-digitalny-fe-al","status":"publish","type":"product","link":"https:\/\/dmgroup.sk\/index.php\/product\/tester-hrubky-laku-digitalny-fe-al\/","title":{"rendered":"TESTER HR\u00daBKY LAKU DIGIT\u00c1LNY FE\/AL"},"content":{"rendered":"<h2>TESTER HR\u00daBKY LAKU DIGIT\u00c1LNY FE\/AL PROFI AKUSTIK P-11-S-AL 02229<\/h2>\n<p>Tester hr\u00fabky laku je ur\u010den\u00fd na meranie hr\u00fabky n\u00e1teru na automobile. Tester behom nieko\u013ek\u00fdch min\u00fat zmeria hr\u00fabku laku. T\u00fdm p\u00e1dom m\u00f4\u017ee odhali\u0165 po\u0161kodenie laku, pr\u00edpadn\u00e9 striekanie po hav\u00e1rii a in\u00e9. Tester hr\u00fabky such\u00fdch povlakov \u00a0s du\u00e1lnou sondou na externom k\u00e1bliku pre presn\u00e9 meranie hr\u00fabky vrstiev laku alebo in\u00e9ho such\u00e9ho povlaku na feromagnetick\u00fdch Fe (oce\u013eov\u00e9 materi\u00e1ly) \u00a0podkladoch \u00a0alebo na neferomagnetick\u00fdch NFe (zliatiny hlin\u00edka a pod.) \u00a0podkladoch. Tester m\u00e1 naviac \u0161peci\u00e1lne vyvinut\u00fa sondu pre meranie na vypukl\u00fdch a vydut\u00fdch miestach.<\/p>\n<p><strong>Pou\u017eitie:<\/strong><br \/>\nJedno &#8220;p\u00edpnutie&#8221;: \u00a0p\u00f4vodn\u00fd lak alebo jeden n\u00e1ter ( 0 &#8211; 170 mikrometrov)<br \/>\nDve \u00a0&#8220;p\u00edpnutia&#8221; po sebe: \u00a0 dve vrstvy na sebe \u00a0( 170 &#8211; 350 mikrometrov )<br \/>\nJedno dlh\u0161ie nepreru\u0161en\u00e9 &#8220;p\u00edpnutie&#8221;: nieko\u013eko vrstiev na sebe ako s\u00fa gity + laky \u00a0( 350 &#8211; 1990 mikrometrov)<\/p>\n<p><strong>Technick\u00e9 \u00fadaje :<\/strong><br \/>\nRozsah merania pre obe sondy Fe\/NFe \u00a0: \u00a00 &#8211; 2000 mikrometrov<br \/>\nOd\u010d\u00edtanie hodn\u00f4t : \u00a0po 10 mikrom.<br \/>\n1 LED di\u00f3da na zadnej strane<br \/>\nD\u013a\u017eka pr\u00edpojn\u00e9ho k\u00e1blika : 70 cm<br \/>\nPam\u00e4\u0165 \u00a0: \u00a030 hodn\u00f4t<br \/>\nR\u00fdchlos\u0165 merania : 3 hodnoty za sekundu<br \/>\nPodsvieten\u00fd displej<br \/>\nBat\u00e9ria AA \u00a02&#215;1,5V ,, kalibra\u010dn\u00e9 do\u0161ti\u010dky a bat\u00e9ria s\u00fa s\u00fa\u010das\u0165ou balenia<\/p>\n","protected":false},"excerpt":{"rendered":"<p>TESTER HR\u00daBKY LAKU DIGIT\u00c1LNY FE\/AL<\/p>\n","protected":false},"featured_media":3030,"template":"","meta":{"_monsterinsights_skip_tracking":false,"_monsterinsights_sitenote_active":false,"_monsterinsights_sitenote_note":"","_monsterinsights_sitenote_category":0},"_links":{"self":[{"href":"https:\/\/dmgroup.sk\/index.php\/wp-json\/wp\/v2\/product\/3029"}],"collection":[{"href":"https:\/\/dmgroup.sk\/index.php\/wp-json\/wp\/v2\/product"}],"about":[{"href":"https:\/\/dmgroup.sk\/index.php\/wp-json\/wp\/v2\/types\/product"}],"version-history":[{"count":1,"href":"https:\/\/dmgroup.sk\/index.php\/wp-json\/wp\/v2\/product\/3029\/revisions"}],"predecessor-version":[{"id":3031,"href":"https:\/\/dmgroup.sk\/index.php\/wp-json\/wp\/v2\/product\/3029\/revisions\/3031"}],"wp:featuredmedia":[{"embeddable":true,"href":"https:\/\/dmgroup.sk\/index.php\/wp-json\/wp\/v2\/media\/3030"}],"wp:attachment":[{"href":"https:\/\/dmgroup.sk\/index.php\/wp-json\/wp\/v2\/media?parent=3029"}],"curies":[{"name":"wp","href":"https:\/\/api.w.org\/{rel}","templated":true}]}}