{"id":3152,"date":"2020-04-07T08:33:00","date_gmt":"2020-04-07T06:33:00","guid":{"rendered":"https:\/\/dmgroup.sk\/?post_type=product&#038;p=3152"},"modified":"2020-04-07T09:11:11","modified_gmt":"2020-04-07T07:11:11","slug":"ozon","status":"publish","type":"product","link":"https:\/\/dmgroup.sk\/index.php\/product\/ozon\/","title":{"rendered":"\u010cistenie oz\u00f3nom"},"content":{"rendered":"<h2>\u010cistenie oz\u00f3nom interieru vozidla<\/h2>\n<p>-Dezinfikuje interier<br \/>\n-Odstr\u00e1ni 99.9% bakterii<br \/>\n-Odstra\u0148uje z\u00e1pach po cigaret\u00e1ch<br \/>\n-odstra\u0148uje z\u00e1pach v klimatiz\u00e1cii<\/p>\n<p><strong>Postup \u010distenia<\/strong><br \/>\n-Pred \u010disten\u00edm idealne v\u00fdmena pe\u013eoveho filtra v klimatizacii<br \/>\n-Vo vozidle sa nech\u00e1 pusten\u00fd vn\u00fatorny okruh<br \/>\n-Ozoniz\u00e9r be\u017e\u00ed 20-30 min<br \/>\n-Vozidlo sa mus\u00ed d\u00f4kladne vyvetra\u0165<br \/>\n-Cel\u00fd proces trv\u00e1 do 60 min<br \/>\n<strong>12\u20ac\/Vozidlo<\/strong><\/p>\n","protected":false},"excerpt":{"rendered":"<p>\u010cistenie oz\u00f3nom interieru vozidla -Dezinfikuje interier -Odstr\u00e1ni 99.9% bakterii -Odstra\u0148uje z\u00e1pach po cigaret\u00e1ch -odstra\u0148uje z\u00e1pach v klimatiz\u00e1cii Postup \u010distenia -Pred \u010disten\u00edm idealne v\u00fdmena pe\u013eoveho filtra v klimatizacii -Vo vozidle sa nech\u00e1 pusten\u00fd vn\u00fatorny okruh -Ozoniz\u00e9r be\u017e\u00ed 20-30 min -Vozidlo sa mus\u00ed d\u00f4kladne vyvetra\u0165 -Cel\u00fd proces trv\u00e1 do 60 min 12\u20ac\/Vozidlo<\/p>\n","protected":false},"featured_media":3153,"template":"","meta":{"_monsterinsights_skip_tracking":false,"_monsterinsights_sitenote_active":false,"_monsterinsights_sitenote_note":"","_monsterinsights_sitenote_category":0},"_links":{"self":[{"href":"https:\/\/dmgroup.sk\/index.php\/wp-json\/wp\/v2\/product\/3152"}],"collection":[{"href":"https:\/\/dmgroup.sk\/index.php\/wp-json\/wp\/v2\/product"}],"about":[{"href":"https:\/\/dmgroup.sk\/index.php\/wp-json\/wp\/v2\/types\/product"}],"version-history":[{"count":5,"href":"https:\/\/dmgroup.sk\/index.php\/wp-json\/wp\/v2\/product\/3152\/revisions"}],"predecessor-version":[{"id":3158,"href":"https:\/\/dmgroup.sk\/index.php\/wp-json\/wp\/v2\/product\/3152\/revisions\/3158"}],"wp:featuredmedia":[{"embeddable":true,"href":"https:\/\/dmgroup.sk\/index.php\/wp-json\/wp\/v2\/media\/3153"}],"wp:attachment":[{"href":"https:\/\/dmgroup.sk\/index.php\/wp-json\/wp\/v2\/media?parent=3152"}],"curies":[{"name":"wp","href":"https:\/\/api.w.org\/{rel}","templated":true}]}}