{"id":3851,"date":"2022-07-20T14:29:39","date_gmt":"2022-07-20T12:29:39","guid":{"rendered":"https:\/\/dmgroup.sk\/?post_type=product&#038;p=3851"},"modified":"2022-07-20T14:35:41","modified_gmt":"2022-07-20T12:35:41","slug":"boxe_l3h2","status":"publish","type":"product","link":"https:\/\/dmgroup.sk\/index.php\/product\/boxe_l3h2\/","title":{"rendered":"Peugeot Boxer 2.2 HDI L3H2"},"content":{"rendered":"<p>Peugeot Boxer\u00a0 2.2 hdi 3.7 m dlh\u00e1 prepravn\u00e1 plocha. Rok v\u00fdroby 2016.<\/p>\n","protected":false},"excerpt":{"rendered":"<p>Peugeot Boxer\u00a0 2.2 hdi 3.7 m dlh\u00e1 prepravn\u00e1 plocha. Rok v\u00fdroby 2016. Nosnos\u0165 1495 kg. Vozidlo do 3,5 t.<\/p>\n","protected":false},"featured_media":3852,"template":"","meta":{"_monsterinsights_skip_tracking":false,"_monsterinsights_sitenote_active":false,"_monsterinsights_sitenote_note":"","_monsterinsights_sitenote_category":0},"_links":{"self":[{"href":"https:\/\/dmgroup.sk\/index.php\/wp-json\/wp\/v2\/product\/3851"}],"collection":[{"href":"https:\/\/dmgroup.sk\/index.php\/wp-json\/wp\/v2\/product"}],"about":[{"href":"https:\/\/dmgroup.sk\/index.php\/wp-json\/wp\/v2\/types\/product"}],"version-history":[{"count":1,"href":"https:\/\/dmgroup.sk\/index.php\/wp-json\/wp\/v2\/product\/3851\/revisions"}],"predecessor-version":[{"id":3858,"href":"https:\/\/dmgroup.sk\/index.php\/wp-json\/wp\/v2\/product\/3851\/revisions\/3858"}],"wp:featuredmedia":[{"embeddable":true,"href":"https:\/\/dmgroup.sk\/index.php\/wp-json\/wp\/v2\/media\/3852"}],"wp:attachment":[{"href":"https:\/\/dmgroup.sk\/index.php\/wp-json\/wp\/v2\/media?parent=3851"}],"curies":[{"name":"wp","href":"https:\/\/api.w.org\/{rel}","templated":true}]}}