{"id":3859,"date":"2022-07-20T16:07:23","date_gmt":"2022-07-20T14:07:23","guid":{"rendered":"https:\/\/dmgroup.sk\/?post_type=product&#038;p=3859"},"modified":"2026-03-06T10:51:46","modified_gmt":"2026-03-06T09:51:46","slug":"peugeot-expert-8-miest","status":"publish","type":"product","link":"https:\/\/dmgroup.sk\/index.php\/product\/peugeot-expert-8-miest\/","title":{"rendered":"Peugeot Expert dci 8 miest"},"content":{"rendered":"<p>Peugeot Expert 1.5 dci po\u010det miest na sedenie 8. Rok v\u00fdroby 2020.<\/p>\n","protected":false},"excerpt":{"rendered":"<p>Peugeot Expert 1.5 dci po\u010det miest na sedenie 8. Rok v\u00fdroby 2020. Klimatiz\u00e1cia, handsfree, USB.<\/p>\n","protected":false},"featured_media":3860,"template":"","meta":{"_monsterinsights_skip_tracking":false,"_monsterinsights_sitenote_active":false,"_monsterinsights_sitenote_note":"","_monsterinsights_sitenote_category":0},"_links":{"self":[{"href":"https:\/\/dmgroup.sk\/index.php\/wp-json\/wp\/v2\/product\/3859"}],"collection":[{"href":"https:\/\/dmgroup.sk\/index.php\/wp-json\/wp\/v2\/product"}],"about":[{"href":"https:\/\/dmgroup.sk\/index.php\/wp-json\/wp\/v2\/types\/product"}],"version-history":[{"count":1,"href":"https:\/\/dmgroup.sk\/index.php\/wp-json\/wp\/v2\/product\/3859\/revisions"}],"predecessor-version":[{"id":3867,"href":"https:\/\/dmgroup.sk\/index.php\/wp-json\/wp\/v2\/product\/3859\/revisions\/3867"}],"wp:featuredmedia":[{"embeddable":true,"href":"https:\/\/dmgroup.sk\/index.php\/wp-json\/wp\/v2\/media\/3860"}],"wp:attachment":[{"href":"https:\/\/dmgroup.sk\/index.php\/wp-json\/wp\/v2\/media?parent=3859"}],"curies":[{"name":"wp","href":"https:\/\/api.w.org\/{rel}","templated":true}]}}