{"id":3961,"date":"2023-01-27T08:10:36","date_gmt":"2023-01-27T07:10:36","guid":{"rendered":"https:\/\/dmgroup.sk\/?post_type=product&#038;p=3961"},"modified":"2026-02-04T09:39:18","modified_gmt":"2026-02-04T08:39:18","slug":"octavia4","status":"publish","type":"product","link":"https:\/\/dmgroup.sk\/index.php\/product\/octavia4\/","title":{"rendered":"\u0160koda Octavia 4 Benz\u00edn"},"content":{"rendered":"<p>\u0160koda Octavia 4 Benz\u00edn 1.5TSI<\/p>\n","protected":false},"excerpt":{"rendered":"<p>Motor 1.0 TSI<\/p>\n","protected":false},"featured_media":4049,"template":"","meta":{"_monsterinsights_skip_tracking":false,"_monsterinsights_sitenote_active":false,"_monsterinsights_sitenote_note":"","_monsterinsights_sitenote_category":0},"_links":{"self":[{"href":"https:\/\/dmgroup.sk\/index.php\/wp-json\/wp\/v2\/product\/3961"}],"collection":[{"href":"https:\/\/dmgroup.sk\/index.php\/wp-json\/wp\/v2\/product"}],"about":[{"href":"https:\/\/dmgroup.sk\/index.php\/wp-json\/wp\/v2\/types\/product"}],"version-history":[{"count":2,"href":"https:\/\/dmgroup.sk\/index.php\/wp-json\/wp\/v2\/product\/3961\/revisions"}],"predecessor-version":[{"id":4053,"href":"https:\/\/dmgroup.sk\/index.php\/wp-json\/wp\/v2\/product\/3961\/revisions\/4053"}],"wp:featuredmedia":[{"embeddable":true,"href":"https:\/\/dmgroup.sk\/index.php\/wp-json\/wp\/v2\/media\/4049"}],"wp:attachment":[{"href":"https:\/\/dmgroup.sk\/index.php\/wp-json\/wp\/v2\/media?parent=3961"}],"curies":[{"name":"wp","href":"https:\/\/api.w.org\/{rel}","templated":true}]}}