{"id":4167,"date":"2023-09-07T19:51:27","date_gmt":"2023-09-07T17:51:27","guid":{"rendered":"https:\/\/dmgroup.sk\/?post_type=product&#038;p=4167"},"modified":"2025-02-18T11:12:28","modified_gmt":"2025-02-18T10:12:28","slug":"fiat-talento-xxl-107kw-nad-30-dni-4000km","status":"publish","type":"product","link":"https:\/\/dmgroup.sk\/index.php\/product\/fiat-talento-xxl-107kw-nad-30-dni-4000km\/","title":{"rendered":"Fiat Talento XXL 107kw (nad 30 dn\u00ed 2000km)"},"content":{"rendered":"<p>Fiat Talento XXL 107kw s 9 miestami na sedenie a priestrann\u00fdm kufrom v\u010faka verzii XXL s dvojzonovou klimatiz\u00e1ciou aj pre pasa\u017eierov vzadu.<\/p>\n<p>Cena 790\u20ac\/mesiac plat\u00ed pre n\u00e1jom na minim\u00e1lne 3 mesiace a n\u00e1jazd do 2000km za 1 mesiac.<\/p>\n<p>V pr\u00edpade po\u017eiadavky na in\u00fd mesa\u010dn\u00fd n\u00e1jazd urob\u00edme ponuku na mieru.<\/p>\n","protected":false},"excerpt":{"rendered":"<p>Fiat Talento XXL 107kw s 9 miestami na sedenie a priestrann\u00fdm kufrom v\u010faka verzii XXL s dvojzonovou klimatiz\u00e1ciou aj pre pasa\u017eierov vzadu.<\/p>\n<p>Cena 790\u20ac\/mesiac plat\u00ed pre n\u00e1jom na minim\u00e1lne 3 mesiace a n\u00e1jazd do 2000km za 1 mesiac.<\/p>\n<p>V pr\u00edpade po\u017eiadavky na in\u00fd mesa\u010dn\u00fd n\u00e1jazd urob\u00edme ponuku na mieru.<\/p>\n","protected":false},"featured_media":4155,"template":"","meta":{"_monsterinsights_skip_tracking":false,"_monsterinsights_sitenote_active":false,"_monsterinsights_sitenote_note":"","_monsterinsights_sitenote_category":0},"_links":{"self":[{"href":"https:\/\/dmgroup.sk\/index.php\/wp-json\/wp\/v2\/product\/4167"}],"collection":[{"href":"https:\/\/dmgroup.sk\/index.php\/wp-json\/wp\/v2\/product"}],"about":[{"href":"https:\/\/dmgroup.sk\/index.php\/wp-json\/wp\/v2\/types\/product"}],"version-history":[{"count":2,"href":"https:\/\/dmgroup.sk\/index.php\/wp-json\/wp\/v2\/product\/4167\/revisions"}],"predecessor-version":[{"id":4293,"href":"https:\/\/dmgroup.sk\/index.php\/wp-json\/wp\/v2\/product\/4167\/revisions\/4293"}],"wp:featuredmedia":[{"embeddable":true,"href":"https:\/\/dmgroup.sk\/index.php\/wp-json\/wp\/v2\/media\/4155"}],"wp:attachment":[{"href":"https:\/\/dmgroup.sk\/index.php\/wp-json\/wp\/v2\/media?parent=4167"}],"curies":[{"name":"wp","href":"https:\/\/api.w.org\/{rel}","templated":true}]}}