{"id":4230,"date":"2024-08-09T16:09:14","date_gmt":"2024-08-09T14:09:14","guid":{"rendered":"https:\/\/dmgroup.sk\/?post_type=product&#038;p=4230"},"modified":"2025-02-11T15:56:39","modified_gmt":"2025-02-11T14:56:39","slug":"hyundai-i30-combi-comfort-48-mesiacov-10-000km","status":"publish","type":"product","link":"https:\/\/dmgroup.sk\/index.php\/product\/hyundai-i30-combi-comfort-48-mesiacov-10-000km\/","title":{"rendered":"Hyundai i30 Combi Comfort, 48 mesiacov &#8211; 10 000km"},"content":{"rendered":"<p>Hyundai i30 Combi Comfort (48 mesiacov\/10 000km ro\u010dne)<\/p>\n<div class=\"car_container_packages_slide_grid_item included\">\n<h3 class=\"car_container_packages_slide_title\">COMFORT<\/h3>\n<div class=\"car_container_packages_slide_grid column_2\">\n<div class=\"car_container_packages_slide_grid_item included\">ABS (brzdy s antiblokovac\u00edm syst\u00e9mom)<\/div>\n<div class=\"car_container_packages_slide_grid_item included\">ASR (protipreklzov\u00fd syst\u00e9m)<\/div>\n<div class=\"car_container_packages_slide_grid_item included\">Asisten rozjazdu do kopca<\/div>\n<div class=\"car_container_packages_slide_grid_item included\">Alarm<\/div>\n<div class=\"car_container_packages_slide_grid_item included\">Automatick\u00e9 prep\u00ednanie svetiel<\/div>\n<div class=\"car_container_packages_slide_grid_item included\">Brzdov\u00fd asistent<\/div>\n<div class=\"car_container_packages_slide_grid_item included\">Dojazdov\u00e9 koleso<\/div>\n<div class=\"car_container_packages_slide_grid_item included\">ESP (elektronick\u00fd stabiliza\u010dn\u00fd program)<\/div>\n<div class=\"car_container_packages_slide_grid_item included\">Monitorovanie tlaku v pneumatik\u00e1ch<\/div>\n<div class=\"car_container_packages_slide_grid_item included\">Sledovanie \u00fanavy vodi\u010da<\/div>\n<div class=\"car_container_packages_slide_grid_item included\">Sledovanie jazdn\u00e9ho pruhu<\/div>\n<div class=\"car_container_packages_slide_grid_item included\">LED svetlomety<\/div>\n<div class=\"car_container_packages_slide_grid_item included\">Bluetooth propojenie<\/div>\n<div class=\"car_container_packages_slide_grid_item included\">Centr\u00e1lne zamykanie s dia\u013ekov\u00fdm ovl\u00e1dan\u00edm<\/div>\n<div class=\"car_container_packages_slide_grid_item included\">Elektrick\u00e9 ovl\u00e1danie okien v\u0161etky<\/div>\n<div class=\"car_container_packages_slide_grid_item included\">Hmlov\u00e9 svetl\u00e1<\/div>\n<div class=\"car_container_packages_slide_grid_item included\">Kontrola povolenej r\u00fdchlosti<\/div>\n<div class=\"car_container_packages_slide_grid_item included\">Klimatiz\u00e1cia manu\u00e1lna<\/div>\n<div class=\"car_container_packages_slide_grid_item included\">Parkovacie senzory zadn\u00e9<\/div>\n<div class=\"car_container_packages_slide_grid_item included\">Start-Stop syst\u00e9m<\/div>\n<div class=\"car_container_packages_slide_grid_item included\">Stre\u0161n\u00fd nosi\u010d<\/div>\n<div class=\"car_container_packages_slide_grid_item included\">Tempomat<\/div>\n<div class=\"car_container_packages_slide_grid_item included\">Funkcia denn\u00e9ho svietenia<\/div>\n<div class=\"car_container_packages_slide_grid_item included\">Osvetlenie bato\u017einov\u00e9ho priestoru<\/div>\n<div class=\"car_container_packages_slide_grid_item included\">Sveteln\u00fd senzor<\/div>\n<div class=\"car_container_packages_slide_grid_item included\">L\u00e1tkov\u00fd interi\u00e9r<\/div>\n<\/div>\n<\/div>\n","protected":false},"excerpt":{"rendered":"<p>Hyundai i30 Combi Comfort (48 mesiacov\/10 000km ro\u010dne)<\/p>\n<div class=\"car_container_packages_slide_grid_item included\">\n<h3 class=\"car_container_packages_slide_title\">COMFORT<\/h3>\n<div class=\"car_container_packages_slide_grid column_2\">\n<div class=\"car_container_packages_slide_grid_item included\">ABS (brzdy s antiblokovac\u00edm syst\u00e9mom)<\/div>\n<div class=\"car_container_packages_slide_grid_item included\">ASR (protipreklzov\u00fd syst\u00e9m)<\/div>\n<div class=\"car_container_packages_slide_grid_item included\">Asisten rozjazdu do kopca<\/div>\n<div class=\"car_container_packages_slide_grid_item included\">Alarm<\/div>\n<div class=\"car_container_packages_slide_grid_item included\">Automatick\u00e9 prep\u00ednanie svetiel<\/div>\n<div class=\"car_container_packages_slide_grid_item included\">Brzdov\u00fd asistent<\/div>\n<div class=\"car_container_packages_slide_grid_item included\">Dojazdov\u00e9 koleso<\/div>\n<div class=\"car_container_packages_slide_grid_item included\">ESP (elektronick\u00fd stabiliza\u010dn\u00fd program)<\/div>\n<div class=\"car_container_packages_slide_grid_item included\">Monitorovanie tlaku v pneumatik\u00e1ch<\/div>\n<div class=\"car_container_packages_slide_grid_item included\">Sledovanie \u00fanavy vodi\u010da<\/div>\n<div class=\"car_container_packages_slide_grid_item included\">Sledovanie jazdn\u00e9ho pruhu<\/div>\n<div class=\"car_container_packages_slide_grid_item included\">LED svetlomety<\/div>\n<div class=\"car_container_packages_slide_grid_item included\">Bluetooth propojenie<\/div>\n<div class=\"car_container_packages_slide_grid_item included\">Centr\u00e1lne zamykanie s dia\u013ekov\u00fdm ovl\u00e1dan\u00edm<\/div>\n<div class=\"car_container_packages_slide_grid_item included\">Elektrick\u00e9 ovl\u00e1danie okien v\u0161etky<\/div>\n<div class=\"car_container_packages_slide_grid_item included\">Hmlov\u00e9 svetl\u00e1<\/div>\n<div class=\"car_container_packages_slide_grid_item included\">Kontrola povolenej r\u00fdchlosti<\/div>\n<div class=\"car_container_packages_slide_grid_item included\">Klimatiz\u00e1cia manu\u00e1lna<\/div>\n<div class=\"car_container_packages_slide_grid_item included\">Parkovacie senzory zadn\u00e9<\/div>\n<div class=\"car_container_packages_slide_grid_item included\">Start-Stop syst\u00e9m<\/div>\n<div class=\"car_container_packages_slide_grid_item included\">Stre\u0161n\u00fd nosi\u010d<\/div>\n<div class=\"car_container_packages_slide_grid_item included\">Tempomat<\/div>\n<div class=\"car_container_packages_slide_grid_item included\">Funkcia denn\u00e9ho svietenia<\/div>\n<div class=\"car_container_packages_slide_grid_item included\">Osvetlenie bato\u017einov\u00e9ho priestoru<\/div>\n<div class=\"car_container_packages_slide_grid_item included\">Sveteln\u00fd senzor<\/div>\n<div class=\"car_container_packages_slide_grid_item included\">L\u00e1tkov\u00fd interi\u00e9r<\/div>\n<\/div>\n<\/div>\n","protected":false},"featured_media":4280,"template":"","meta":{"_monsterinsights_skip_tracking":false,"_monsterinsights_sitenote_active":false,"_monsterinsights_sitenote_note":"","_monsterinsights_sitenote_category":0},"_links":{"self":[{"href":"https:\/\/dmgroup.sk\/index.php\/wp-json\/wp\/v2\/product\/4230"}],"collection":[{"href":"https:\/\/dmgroup.sk\/index.php\/wp-json\/wp\/v2\/product"}],"about":[{"href":"https:\/\/dmgroup.sk\/index.php\/wp-json\/wp\/v2\/types\/product"}],"version-history":[{"count":2,"href":"https:\/\/dmgroup.sk\/index.php\/wp-json\/wp\/v2\/product\/4230\/revisions"}],"predecessor-version":[{"id":4281,"href":"https:\/\/dmgroup.sk\/index.php\/wp-json\/wp\/v2\/product\/4230\/revisions\/4281"}],"wp:featuredmedia":[{"embeddable":true,"href":"https:\/\/dmgroup.sk\/index.php\/wp-json\/wp\/v2\/media\/4280"}],"wp:attachment":[{"href":"https:\/\/dmgroup.sk\/index.php\/wp-json\/wp\/v2\/media?parent=4230"}],"curies":[{"name":"wp","href":"https:\/\/api.w.org\/{rel}","templated":true}]}}