{"id":4323,"date":"2025-10-09T13:48:17","date_gmt":"2025-10-09T11:48:17","guid":{"rendered":"https:\/\/dmgroup.sk\/?post_type=product&#038;p=4323"},"modified":"2026-04-02T13:54:34","modified_gmt":"2026-04-02T11:54:34","slug":"skoda-fabia-1-0-tsi-combi-70kw","status":"publish","type":"product","link":"https:\/\/dmgroup.sk\/index.php\/product\/skoda-fabia-1-0-tsi-combi-70kw\/","title":{"rendered":"\u0160koda Fabia 1.0 TSI Combi 70kw"},"content":{"rendered":"<h3><strong>Pren\u00e1jom \u0160koda Fabia 81kw \u2013 Priestrann\u00e9 combi<\/strong><\/h3>\n<div>\n<p>\u0160koda Fabia 1.0 TSI je spo\u013eahliv\u00e9 a \u00fasporn\u00e9 vozidlo vhodn\u00e9 na cestovanie po N\u00e1mestove aj do zahrani\u010dia.<br \/>\nAuto m\u00e1 n\u00edzku spotrebu, komfortn\u00fa jazdu a je pravidelne servisovan\u00e9.<br \/>\nJe ide\u00e1lne aj pre rodiny alebo viac\u010dlenn\u00fa pos\u00e1dku.<\/p>\n<p>Vozidlo je pripraven\u00e9 ihne\u010f k odberu, \u010dist\u00e9 a plne vybaven\u00e9.<br \/>\nPren\u00e1jom je mo\u017en\u00fd aj cez v\u00edkendy a sviatky.<\/p>\n<\/div>\n<p>N\u00e1jazd:<\/p>\n<p>do 5 dn\u00ed 150km\/de\u0148<\/p>\n<p>nad 5 dn\u00ed 100km\/de\u0148<\/p>\n<p>maxim\u00e1lne 3000km\/mesiac.<\/p>\n","protected":false},"excerpt":{"rendered":"<h3><strong>Pren\u00e1jom \u0160koda Fabia 81kw \u2013 Priestrann\u00e9 combi<\/strong><\/h3>\n<div>\n<p>\u0160koda Fabia 1.0 TSI je spo\u013eahliv\u00e9 a \u00fasporn\u00e9 vozidlo vhodn\u00e9 na cestovanie po N\u00e1mestove aj do zahrani\u010dia.<br \/>\nAuto m\u00e1 n\u00edzku spotrebu, komfortn\u00fa jazdu a je pravidelne servisovan\u00e9.<br \/>\nJe ide\u00e1lne aj pre rodiny alebo viac\u010dlenn\u00fa pos\u00e1dku.<\/p>\n<p>Vozidlo je pripraven\u00e9 ihne\u010f k odberu, \u010dist\u00e9 a plne vybaven\u00e9.<br \/>\nPren\u00e1jom je mo\u017en\u00fd aj cez v\u00edkendy a sviatky.<\/p>\n<\/div>\n<p>N\u00e1jazd:<\/p>\n<p>do 5 dn\u00ed 150km\/de\u0148<\/p>\n<p>nad 5 dn\u00ed 100km\/de\u0148<\/p>\n<p>maxim\u00e1lne 3000km\/mesiac.<\/p>\n<p>maxim\u00e1lne 3000km\/mesiac.<\/p>\n","protected":false},"featured_media":4325,"template":"","meta":{"_monsterinsights_skip_tracking":false,"_monsterinsights_sitenote_active":false,"_monsterinsights_sitenote_note":"","_monsterinsights_sitenote_category":0},"_links":{"self":[{"href":"https:\/\/dmgroup.sk\/index.php\/wp-json\/wp\/v2\/product\/4323"}],"collection":[{"href":"https:\/\/dmgroup.sk\/index.php\/wp-json\/wp\/v2\/product"}],"about":[{"href":"https:\/\/dmgroup.sk\/index.php\/wp-json\/wp\/v2\/types\/product"}],"version-history":[{"count":2,"href":"https:\/\/dmgroup.sk\/index.php\/wp-json\/wp\/v2\/product\/4323\/revisions"}],"predecessor-version":[{"id":4375,"href":"https:\/\/dmgroup.sk\/index.php\/wp-json\/wp\/v2\/product\/4323\/revisions\/4375"}],"wp:featuredmedia":[{"embeddable":true,"href":"https:\/\/dmgroup.sk\/index.php\/wp-json\/wp\/v2\/media\/4325"}],"wp:attachment":[{"href":"https:\/\/dmgroup.sk\/index.php\/wp-json\/wp\/v2\/media?parent=4323"}],"curies":[{"name":"wp","href":"https:\/\/api.w.org\/{rel}","templated":true}]}}