{"id":4403,"date":"2026-04-15T10:14:08","date_gmt":"2026-04-15T08:14:08","guid":{"rendered":"https:\/\/dmgroup.sk\/?post_type=product&#038;p=4403"},"modified":"2026-04-15T10:17:20","modified_gmt":"2026-04-15T08:17:20","slug":"transporte-9miest","status":"publish","type":"product","link":"https:\/\/dmgroup.sk\/index.php\/product\/transporte-9miest\/","title":{"rendered":"VW Transporter 2.0 tdi 9miest"},"content":{"rendered":"<p>VW Transporter 2.0 tdi po\u010det miest na sedenie 9. Rok v\u00fdroby 2021.<\/p>\n","protected":false},"excerpt":{"rendered":"<p>VW Transporter 2.0 tdi po\u010det miest na sedenie 9. Rok v\u00fdroby 2021. Klimatiz\u00e1cia, handsfree, USB.<\/p>\n","protected":false},"featured_media":4407,"template":"","meta":{"_monsterinsights_skip_tracking":false,"_monsterinsights_sitenote_active":false,"_monsterinsights_sitenote_note":"","_monsterinsights_sitenote_category":0},"_links":{"self":[{"href":"https:\/\/dmgroup.sk\/index.php\/wp-json\/wp\/v2\/product\/4403"}],"collection":[{"href":"https:\/\/dmgroup.sk\/index.php\/wp-json\/wp\/v2\/product"}],"about":[{"href":"https:\/\/dmgroup.sk\/index.php\/wp-json\/wp\/v2\/types\/product"}],"version-history":[{"count":1,"href":"https:\/\/dmgroup.sk\/index.php\/wp-json\/wp\/v2\/product\/4403\/revisions"}],"predecessor-version":[{"id":4408,"href":"https:\/\/dmgroup.sk\/index.php\/wp-json\/wp\/v2\/product\/4403\/revisions\/4408"}],"wp:featuredmedia":[{"embeddable":true,"href":"https:\/\/dmgroup.sk\/index.php\/wp-json\/wp\/v2\/media\/4407"}],"wp:attachment":[{"href":"https:\/\/dmgroup.sk\/index.php\/wp-json\/wp\/v2\/media?parent=4403"}],"curies":[{"name":"wp","href":"https:\/\/api.w.org\/{rel}","templated":true}]}}